{"id":2346,"date":"2025-09-18T22:40:04","date_gmt":"2025-09-18T21:40:04","guid":{"rendered":"https:\/\/uplearn.es\/?page_id=2346"},"modified":"2025-10-06T17:16:44","modified_gmt":"2025-10-06T16:16:44","slug":"aviso-legal","status":"publish","type":"page","link":"https:\/\/uplearn.es\/pl\/aviso-legal\/","title":{"rendered":"Nota Prawna"},"content":{"rendered":"<div data-elementor-type=\"wp-page\" data-elementor-id=\"2346\" class=\"elementor elementor-2346\">\n\t\t\t\t<div class=\"elementor-element elementor-element-ea4b6c2 elementor-hidden-tablet elementor-hidden-mobile e-flex e-con-boxed e-con e-parent\" data-id=\"ea4b6c2\" data-element_type=\"container\" data-e-type=\"container\" data-settings=\"{&quot;background_background&quot;:&quot;classic&quot;}\">\n\t\t\t\t\t<div class=\"e-con-inner\">\n\t\t\t\t\t<\/div>\n\t\t\t\t<\/div>\n\t\t<div class=\"elementor-element elementor-element-984d336 e-flex e-con-boxed e-con e-parent\" data-id=\"984d336\" data-element_type=\"container\" data-e-type=\"container\" data-settings=\"{&quot;background_background&quot;:&quot;classic&quot;}\">\n\t\t\t\t\t<div class=\"e-con-inner\">\n\t\t\t\t<div class=\"elementor-element elementor-element-923a83f elementor-widget elementor-widget-spacer\" data-id=\"923a83f\" data-element_type=\"widget\" data-e-type=\"widget\" data-widget_type=\"spacer.default\">\n\t\t\t\t<div class=\"elementor-widget-container\">\n\t\t\t\t\t\t\t<div class=\"elementor-spacer\">\n\t\t\t<div class=\"elementor-spacer-inner\"><\/div>\n\t\t<\/div>\n\t\t\t\t\t\t<\/div>\n\t\t\t\t<\/div>\n\t\t\t\t<div class=\"elementor-element elementor-element-2621280 elementor-widget elementor-widget-heading\" data-id=\"2621280\" data-element_type=\"widget\" data-e-type=\"widget\" data-widget_type=\"heading.default\">\n\t\t\t\t<div class=\"elementor-widget-container\">\n\t\t\t\t\t<h1 class=\"elementor-heading-title elementor-size-default\">Nota prawna i og\u00f3lne warunki korzystania<\/h1>\t\t\t\t<\/div>\n\t\t\t\t<\/div>\n\t\t\t\t<div class=\"elementor-element elementor-element-90dc9c3 elementor-widget elementor-widget-spacer\" data-id=\"90dc9c3\" data-element_type=\"widget\" data-e-type=\"widget\" data-widget_type=\"spacer.default\">\n\t\t\t\t<div class=\"elementor-widget-container\">\n\t\t\t\t\t\t\t<div class=\"elementor-spacer\">\n\t\t\t<div class=\"elementor-spacer-inner\"><\/div>\n\t\t<\/div>\n\t\t\t\t\t\t<\/div>\n\t\t\t\t<\/div>\n\t\t\t\t<div class=\"elementor-element elementor-element-693be6e elementor-widget elementor-widget-heading\" data-id=\"693be6e\" data-element_type=\"widget\" data-e-type=\"widget\" data-widget_type=\"heading.default\">\n\t\t\t\t<div class=\"elementor-widget-container\">\n\t\t\t\t\t<h2 class=\"elementor-heading-title elementor-size-default\">1) Informacje og\u00f3lne<\/h2>\t\t\t\t<\/div>\n\t\t\t\t<\/div>\n\t\t\t\t<div class=\"elementor-element elementor-element-b17b668 elementor-widget elementor-widget-text-editor\" data-id=\"b17b668\" data-element_type=\"widget\" data-e-type=\"widget\" data-widget_type=\"text-editor.default\">\n\t\t\t\t<div class=\"elementor-widget-container\">\n\t\t\t\t\t\t\t\t\t<p>Zgodnie z obowi\u0105zkiem informacyjnym okre\u015blonym w ustawie z dnia 18 lipca 2002 r. o \u015bwiadczeniu us\u0142ug drog\u0105 elektroniczn\u0105 (Dz.U. z 2002 r. nr 144, poz. 1204) oraz ustaw\u0105 z dnia 10 maja 2018 r. o ochronie danych osobowych (Dz.U. z 2018 r. poz. 1000), poni\u017cej przedstawiamy nast\u0119puj\u0105ce dane dotycz\u0105ce stron internetowych UpLearn:<\/p><p>W\u0142a\u015bcicielem stron internetowych UpLearn: https:\/\/uplearn.es\/ oraz https:\/\/platform.uplearn.es\/ (zwane dalej Stronami Internetowymi) jest Artur Kocia\u0142kowski, NIP: X9370217V. Dane kontaktowe:<br \/>Telefon kontaktowy: +34 635 149 780<br \/>E-mail: artur@uplearn.es<\/p><p>W przypadku kontaktu poczt\u0105 tradycyjn\u0105 prosimy o wcze\u015bniejsze zg\u0142oszenie tego faktu poprzez e-mail lub telefon.<\/p>\t\t\t\t\t\t\t\t<\/div>\n\t\t\t\t<\/div>\n\t\t\t\t<div class=\"elementor-element elementor-element-2202b90 elementor-widget elementor-widget-spacer\" data-id=\"2202b90\" data-element_type=\"widget\" data-e-type=\"widget\" data-widget_type=\"spacer.default\">\n\t\t\t\t<div class=\"elementor-widget-container\">\n\t\t\t\t\t\t\t<div class=\"elementor-spacer\">\n\t\t\t<div class=\"elementor-spacer-inner\"><\/div>\n\t\t<\/div>\n\t\t\t\t\t\t<\/div>\n\t\t\t\t<\/div>\n\t\t\t\t<div class=\"elementor-element elementor-element-559ca67 elementor-widget elementor-widget-heading\" data-id=\"559ca67\" data-element_type=\"widget\" data-e-type=\"widget\" data-widget_type=\"heading.default\">\n\t\t\t\t<div class=\"elementor-widget-container\">\n\t\t\t\t\t<h2 class=\"elementor-heading-title elementor-size-default\">2) Og\u00f3lne warunki korzystania<\/h2>\t\t\t\t<\/div>\n\t\t\t\t<\/div>\n\t\t\t\t<div class=\"elementor-element elementor-element-b73b60b elementor-widget elementor-widget-heading\" data-id=\"b73b60b\" data-element_type=\"widget\" data-e-type=\"widget\" data-widget_type=\"heading.default\">\n\t\t\t\t<div class=\"elementor-widget-container\">\n\t\t\t\t\t<h3 class=\"elementor-heading-title elementor-size-default\">Przedmiot niniejszych warunk\u00f3w: Strony Internetowe UpLearn<\/h3>\t\t\t\t<\/div>\n\t\t\t\t<\/div>\n\t\t\t\t<div class=\"elementor-element elementor-element-398fda9 elementor-widget elementor-widget-text-editor\" data-id=\"398fda9\" data-element_type=\"widget\" data-e-type=\"widget\" data-widget_type=\"text-editor.default\">\n\t\t\t\t<div class=\"elementor-widget-container\">\n\t\t\t\t\t\t\t\t\t<p>Celem niniejszych Og\u00f3lnych Warunk\u00f3w Korzystania (zwanych dalej \u201eWarunkami\u201d) jest uregulowanie dost\u0119pu i korzystania ze Stron Internetowych UpLearn. Dla cel\u00f3w niniejszych Warunk\u00f3w przez \u201eStrony Internetowe\u201d rozumie si\u0119: zewn\u0119trzny wygl\u0105d interfejs\u00f3w ekranowych, zar\u00f3wno w formie statycznej, jak i dynamicznej, tj. drzewo nawigacyjne; oraz wszystkie elementy zintegrowane zar\u00f3wno w interfejsach ekranowych, jak i w drzewie nawigacyjnym (zwane dalej \u201eTre\u015bciami\u201d) oraz wszelkie us\u0142ugi lub zasoby online, kt\u00f3re mog\u0105 by\u0107 oferowane U\u017cytkownikom (zwane dalej \u201eUs\u0142ugami\u201d).<\/p><p>UpLearn zastrzega sobie prawo do modyfikowania w dowolnym czasie, bez uprzedniego powiadomienia, prezentacji i konfiguracji naszych Stron Internetowych oraz Tre\u015bci i Us\u0142ug, kt\u00f3re mog\u0105 by\u0107 w nich zawarte. U\u017cytkownik przyjmuje do wiadomo\u015bci i akceptuje, \u017ce UpLearn w dowolnym momencie mo\u017ce przerwa\u0107, dezaktywowa\u0107 i\/lub anulowa\u0107 dowolny z tych element\u00f3w zintegrowanych ze Stronami Internetowymi UpLearn lub dost\u0119p do nich.<\/p><p>Dost\u0119p do https:\/\/uplearn.es\/przez U\u017cytkownika jest bezp\u0142atny i, co do zasady, nie wymaga op\u0142aty, chyba \u017ce dotyczy to kosztu po\u0142\u0105czenia przez sie\u0107 telekomunikacyjn\u0105 dostarczon\u0105 przez dostawc\u0119 us\u0142ug, z kt\u00f3rym U\u017cytkownik zawar\u0142 umow\u0119.<\/p><p>Korzystanie z Tre\u015bci lub Us\u0142ug platformy https:\/\/platform.uplearn.es\/ mo\u017ce odbywa\u0107 si\u0119 poprzez subskrypcj\u0119 lub konkretne u\u017cytkowanie przez U\u017cytkownika, zgodnie z warunkami uzgodnionymi pomi\u0119dzy UpLearn a U\u017cytkownikiem.<\/p>\t\t\t\t\t\t\t\t<\/div>\n\t\t\t\t<\/div>\n\t\t\t\t<div class=\"elementor-element elementor-element-a918416 elementor-widget elementor-widget-heading\" data-id=\"a918416\" data-element_type=\"widget\" data-e-type=\"widget\" data-widget_type=\"heading.default\">\n\t\t\t\t<div class=\"elementor-widget-container\">\n\t\t\t\t\t<h3 class=\"elementor-heading-title elementor-size-default\">U\u017cytkownik<\/h3>\t\t\t\t<\/div>\n\t\t\t\t<\/div>\n\t\t\t\t<div class=\"elementor-element elementor-element-b751bad elementor-widget elementor-widget-text-editor\" data-id=\"b751bad\" data-element_type=\"widget\" data-e-type=\"widget\" data-widget_type=\"text-editor.default\">\n\t\t\t\t<div class=\"elementor-widget-container\">\n\t\t\t\t\t\t\t\t\t<p>Dost\u0119p, nawigacja i korzystanie znaszych Stron Internetowych, a tak\u017ce z przestrzeni umo\u017cliwiaj\u0105cych interakcj\u0119 pomi\u0119dzy U\u017cytkownikami oraz pomi\u0119dzy U\u017cytkownikiem a UpLearn, takich jak komentarze i\/lub blogi, nadaje status U\u017cytkownika, co oznacza akceptacj\u0119, od momentu rozpocz\u0119cia nawigacji po Stronach Internetowych, wszystkich warunk\u00f3w tutaj okre\u015blonych, a tak\u017ce ich p\u00f3\u017aniejszych modyfikacji, bez uszczerbku dla zastosowania odpowiednich przepis\u00f3w prawnych obowi\u0105zuj\u0105cych w danym przypadku. Z uwagi na znaczenie powy\u017cszego, zaleca si\u0119 U\u017cytkownikowi zapoznanie si\u0119 z nimi za ka\u017cdym razem, gdy odwiedza nasze Strony Internetowe.<\/p><p>Strony Internetowe UpLearn oferuj\u0105 szeroki zakres informacji, us\u0142ug i danych. U\u017cytkownik ponosi odpowiedzialno\u015b\u0107 za prawid\u0142owe korzystanie z nich. Odpowiedzialno\u015b\u0107 ta obejmuje:<\/p><ul><li>Korzystanie z informacji, Tre\u015bci i\/lub Us\u0142ug oraz danych oferowanych przez UpLearn w spos\u00f3b niezgodny z niniejszymi Warunkami, ustaw\u0105, moralno\u015bci\u0105 lub porz\u0105dkiem publicznym, lub w spos\u00f3b, kt\u00f3ry w jakikolwiek spos\u00f3b mo\u017ce narusza\u0107 prawa os\u00f3b trzecich lub prawid\u0142owe funkcjonowanie Stron Internetowych UpLearn.<\/li><li>Prawdziwo\u015b\u0107 i legalno\u015b\u0107 informacji dostarczonych przez U\u017cytkownika w wype\u0142nianych formularzach UpLearn w celu uzyskania dost\u0119pu do okre\u015blonych Tre\u015bci lub Us\u0142ug oferowanych przez nasze Strony Internetowe. W ka\u017cdym przypadku U\u017cytkownik niezw\u0142ocznie powiadomi UpLearn o jakimkolwiek zdarzeniu umo\u017cliwiaj\u0105cym niew\u0142a\u015bciwe wykorzystanie zarejestrowanych informacji w tych formularzach, takich jak, ale nie tylko, kradzie\u017c, zagubienie lub nieautoryzowany dost\u0119p do identyfikator\u00f3w i\/lub hase\u0142, w celu ich niezw\u0142ocznego usuni\u0119cia.<\/li><\/ul><p>UpLearn zastrzega sobie prawo do usuni\u0119cia wszelkich komentarzy i materia\u0142\u00f3w, kt\u00f3re naruszaj\u0105 prawo, szacunek dla godno\u015bci osoby, kt\u00f3re s\u0105 dyskryminuj\u0105ce, ksenofobiczne, rasistowskie, pornograficzne, spamuj\u0105ce, kt\u00f3re atakuj\u0105 m\u0142odzie\u017c lub dzieci, porz\u0105dek lub bezpiecze\u0144stwo publiczne lub kt\u00f3re, wed\u0142ug jej uznania, nie s\u0105 odpowiednie do publikacji.<\/p><p>W ka\u017cdym przypadku UpLearn nie ponosi odpowiedzialno\u015bci za opinie wyra\u017cane przez U\u017cytkownik\u00f3w za po\u015brednictwem komentarzy lub innych narz\u0119dzi blogowych lub uczestnicz\u0105cych, kt\u00f3re mog\u0105 by\u0107 dost\u0119pne.<\/p><p>Sam dost\u0119p do Stron Internetowych UpLearn nie oznacza nawi\u0105zania jakiejkolwiek relacji handlowej pomi\u0119dzy UpLearn a U\u017cytkownikiem.<\/p><p>U\u017cytkownik o\u015bwiadcza, \u017ce jest pe\u0142noletni i posiada wystarczaj\u0105c\u0105 zdolno\u015b\u0107 prawn\u0105 do zwi\u0105zania si\u0119 niniejszymi Warunkami. W przypadku os\u00f3b niepe\u0142noletnich, o\u015bwiadczenie to musi by\u0107 zaakceptowane przez ich opiekun\u00f3w, kt\u00f3rzy ponosz\u0105 odpowiedzialno\u015b\u0107 za dzia\u0142ania podejmowane przez nie. UpLearn nie ponosi odpowiedzialno\u015bci za nieprzestrzeganie tego obowi\u0105zku.<\/p>\t\t\t\t\t\t\t\t<\/div>\n\t\t\t\t<\/div>\n\t\t\t\t<div class=\"elementor-element elementor-element-a74e7bc elementor-widget elementor-widget-spacer\" data-id=\"a74e7bc\" data-element_type=\"widget\" data-e-type=\"widget\" data-widget_type=\"spacer.default\">\n\t\t\t\t<div class=\"elementor-widget-container\">\n\t\t\t\t\t\t\t<div class=\"elementor-spacer\">\n\t\t\t<div class=\"elementor-spacer-inner\"><\/div>\n\t\t<\/div>\n\t\t\t\t\t\t<\/div>\n\t\t\t\t<\/div>\n\t\t\t\t<div class=\"elementor-element elementor-element-0dc3303 elementor-widget elementor-widget-heading\" data-id=\"0dc3303\" data-element_type=\"widget\" data-e-type=\"widget\" data-widget_type=\"heading.default\">\n\t\t\t\t<div class=\"elementor-widget-container\">\n\t\t\t\t\t<h2 class=\"elementor-heading-title elementor-size-default\">3) Dost\u0119p i nawigacja na stronach internetowych UpLearn: wy\u0142\u0105czenie gwarancji i odpowiedzialno\u015bci prawnej<\/h2>\t\t\t\t<\/div>\n\t\t\t\t<\/div>\n\t\t\t\t<div class=\"elementor-element elementor-element-fc2620c elementor-widget elementor-widget-text-editor\" data-id=\"fc2620c\" data-element_type=\"widget\" data-e-type=\"widget\" data-widget_type=\"text-editor.default\">\n\t\t\t\t<div class=\"elementor-widget-container\">\n\t\t\t\t\t\t\t\t\t<p>UpLearn nie gwarantuje ci\u0105g\u0142o\u015bci, dost\u0119pno\u015bci i u\u017cyteczno\u015bci naszych Stron Internetowych, ani Tre\u015bci lub Us\u0142ug. UpLearn do\u0142o\u017cy wszelkich stara\u0144, aby Strony Internetowe UpLearn dzia\u0142a\u0142y prawid\u0142owo, jednak nie ponosi odpowiedzialno\u015bci ani nie gwarantuje, \u017ce dost\u0119p do nich nie b\u0119dzie przerwany lub wolny od b\u0142\u0119d\u00f3w.<\/p><p>Nie ponosi r\u00f3wnie\u017c odpowiedzialno\u015bci ani nie gwarantuje, \u017ce zawarto\u015b\u0107 lub oprogramowanie, do kt\u00f3rego mo\u017cna uzyska\u0107 dost\u0119p za po\u015brednictwem naszych Stron Internetowych, jest wolne od b\u0142\u0119d\u00f3w lub nie spowoduje uszkodzenia systemu komputerowego (oprogramowania i sprz\u0119tu) U\u017cytkownika. W \u017cadnym przypadku UpLearn nie ponosi odpowiedzialno\u015bci za straty, szkody lub uszczerbki jakiegokolwiek rodzaju wynikaj\u0105ce z dost\u0119pu, nawigacji i korzystania ze Stron Internetowych UpLearn, w tym, ale nie tylko, tych spowodowanych uszkodzeniem system\u00f3w komputerowych lub wprowadzeniem wirus\u00f3w.<\/p><p>UpLearn nie ponosi r\u00f3wnie\u017c odpowiedzialno\u015bci za szkody, kt\u00f3re mog\u0105 ponie\u015b\u0107 u\u017cytkownicy w wyniku niew\u0142a\u015bciwego korzystania z naszych Stron Internetowych. W szczeg\u00f3lno\u015bci nie ponosi odpowiedzialno\u015bci za jakiekolwiek przerwy, zak\u0142\u00f3cenia lub awarie, kt\u00f3re mog\u0105 wyst\u0105pi\u0107 w sieciach telekomunikacyjnych.<\/p>\t\t\t\t\t\t\t\t<\/div>\n\t\t\t\t<\/div>\n\t\t\t\t<div class=\"elementor-element elementor-element-2f1e2d0 elementor-widget elementor-widget-spacer\" data-id=\"2f1e2d0\" data-element_type=\"widget\" data-e-type=\"widget\" data-widget_type=\"spacer.default\">\n\t\t\t\t<div class=\"elementor-widget-container\">\n\t\t\t\t\t\t\t<div class=\"elementor-spacer\">\n\t\t\t<div class=\"elementor-spacer-inner\"><\/div>\n\t\t<\/div>\n\t\t\t\t\t\t<\/div>\n\t\t\t\t<\/div>\n\t\t\t\t<div class=\"elementor-element elementor-element-c2e991e elementor-widget elementor-widget-heading\" data-id=\"c2e991e\" data-element_type=\"widget\" data-e-type=\"widget\" data-widget_type=\"heading.default\">\n\t\t\t\t<div class=\"elementor-widget-container\">\n\t\t\t\t\t<h2 class=\"elementor-heading-title elementor-size-default\">4) Polityka link\u00f3w<\/h2>\t\t\t\t<\/div>\n\t\t\t\t<\/div>\n\t\t\t\t<div class=\"elementor-element elementor-element-c16e9a0 elementor-widget elementor-widget-text-editor\" data-id=\"c16e9a0\" data-element_type=\"widget\" data-e-type=\"widget\" data-widget_type=\"text-editor.default\">\n\t\t\t\t<div class=\"elementor-widget-container\">\n\t\t\t\t\t\t\t\t\t<p>U\u017cytkownik lub osoba trzecia, kt\u00f3ra utworzy hiper\u0142\u0105cze z innej strony internetowej do Stron Internetowych UpLearn, powinna wiedzie\u0107, \u017ce:<\/p><p>Reprodukcja \u2013 ca\u0142kowita lub cz\u0119\u015bciowa \u2013 jakiejkolwiek Tre\u015bci i\/lub Us\u0142ug naszych Stron Internetowych bez wyra\u017anej zgody UpLearn jest zabroniona.<\/p><p>Zabronione s\u0105 r\u00f3wnie\u017c jakiekolwiek fa\u0142szywe, nieprecyzyjne lub nieprawdziwe stwierdzenia dotycz\u0105ce Stron Internetowych UpLearn, ani Tre\u015bci i\/lub Us\u0142ug na nich zawartych.<\/p><p>Z wyj\u0105tkiem samego hiper\u0142\u0105cza, strona internetowa, z kt\u00f3rej ono pochodzi, nie b\u0119dzie zawiera\u0107 \u017cadnych element\u00f3w z naszych Stron Internetowych, chronionych jako w\u0142asno\u015b\u0107 intelektualna przez polski porz\u0105dek prawny, chyba \u017ce UpLearn wyrazi na to wyra\u017an\u0105 zgod\u0119.<\/p><p>Utworzenie hiper\u0142\u0105cza nie b\u0119dzie oznacza\u0107 istnienia jakiejkolwiek relacji mi\u0119dzy UpLearn a w\u0142a\u015bcicielem strony internetowej, z kt\u00f3rej ono pochodzi, ani wiedzy i akceptacji UpLearn dotycz\u0105cej zawarto\u015bci, us\u0142ug i\/lub dzia\u0142alno\u015bci oferowanych na naszych stronach internetowych, i odwrotnie.<\/p>\t\t\t\t\t\t\t\t<\/div>\n\t\t\t\t<\/div>\n\t\t\t\t<div class=\"elementor-element elementor-element-fc41ba9 elementor-widget elementor-widget-spacer\" data-id=\"fc41ba9\" data-element_type=\"widget\" data-e-type=\"widget\" data-widget_type=\"spacer.default\">\n\t\t\t\t<div class=\"elementor-widget-container\">\n\t\t\t\t\t\t\t<div class=\"elementor-spacer\">\n\t\t\t<div class=\"elementor-spacer-inner\"><\/div>\n\t\t<\/div>\n\t\t\t\t\t\t<\/div>\n\t\t\t\t<\/div>\n\t\t\t\t<div class=\"elementor-element elementor-element-260d77e elementor-widget elementor-widget-heading\" data-id=\"260d77e\" data-element_type=\"widget\" data-e-type=\"widget\" data-widget_type=\"heading.default\">\n\t\t\t\t<div class=\"elementor-widget-container\">\n\t\t\t\t\t<h2 class=\"elementor-heading-title elementor-size-default\">5) W\u0142asno\u015b\u0107 intelektualna i przemys\u0142owa<\/h2>\t\t\t\t<\/div>\n\t\t\t\t<\/div>\n\t\t\t\t<div class=\"elementor-element elementor-element-868fd71 elementor-widget elementor-widget-text-editor\" data-id=\"868fd71\" data-element_type=\"widget\" data-e-type=\"widget\" data-widget_type=\"text-editor.default\">\n\t\t\t\t<div class=\"elementor-widget-container\">\n\t\t\t\t\t\t\t\t\t<p>UpLearn, samodzielnie lub jako cesjonariusz, jest w\u0142a\u015bcicielem wszystkich praw w\u0142asno\u015bci intelektualnej i przemys\u0142owej Stron Internetowych UpLearn, jak r\u00f3wnie\u017c element\u00f3w w nich zawartych (w tym m.in. obraz\u00f3w, d\u017awi\u0119ku, audio, wideo, oprogramowania lub tekst\u00f3w, znak\u00f3w towarowych lub logo, kombinacji kolor\u00f3w, struktury i projektu, wyboru materia\u0142\u00f3w u\u017cytych, program\u00f3w komputerowych niezb\u0119dnych do ich dzia\u0142ania, dost\u0119pu i u\u017cytkowania itp.). W zwi\u0105zku z tym stanowi\u0105 one dzie\u0142a chronione prawem w\u0142asno\u015bci intelektualnej zgodnie z polskim prawem, a tak\u017ce przepisami UE oraz mi\u0119dzynarodowymi traktatami, kt\u00f3rych Polska jest stron\u0105.<\/p><p>Wszelkie prawa zastrze\u017cone. Zgodnie z ustaw\u0105 o prawie autorskim i prawach pokrewnych, reprodukcja, dystrybucja i udost\u0119pnianie w ca\u0142o\u015bci lub cz\u0119\u015bci Tre\u015bci naszych Stron Internetowych w celach komercyjnych, na jakimkolwiek no\u015bniku i przy u\u017cyciu jakiejkolwiek technologii, bez zgody UpLearn, jest wyra\u017anie zabronione.<\/p><p>U\u017cytkownik zobowi\u0105zuje si\u0119 do przestrzegania praw w\u0142asno\u015bci intelektualnej i przemys\u0142owej UpLearn. Mo\u017ce przegl\u0105da\u0107 elementy naszych Stron Internetowych lub je drukowa\u0107, kopiowa\u0107 i przechowywa\u0107 na dysku twardym swojego komputera lub na innym no\u015bniku fizycznym wy\u0142\u0105cznie do u\u017cytku osobistego. Jednak\u017ce U\u017cytkownik nie mo\u017ce usuwa\u0107, modyfikowa\u0107 ani manipulowa\u0107 \u017cadnym systemem ochrony lub mechanizmem zabezpieczaj\u0105cym zainstalowanym na Stronach Internetowych UpLearn.<\/p><p>Je\u017celi U\u017cytkownik lub osoba trzecia uzna, \u017ce jakiekolwiek Tre\u015bci naszych Stron Internetowych naruszaj\u0105 prawa w\u0142asno\u015bci intelektualnej, nale\u017cy niezw\u0142ocznie powiadomi\u0107 UpLearn poprzez kana\u0142y kontaktowe podane w sekcji 1 niniejszego dokumentu.<\/p>\t\t\t\t\t\t\t\t<\/div>\n\t\t\t\t<\/div>\n\t\t\t\t<div class=\"elementor-element elementor-element-e136078 elementor-widget elementor-widget-spacer\" data-id=\"e136078\" data-element_type=\"widget\" data-e-type=\"widget\" data-widget_type=\"spacer.default\">\n\t\t\t\t<div class=\"elementor-widget-container\">\n\t\t\t\t\t\t\t<div class=\"elementor-spacer\">\n\t\t\t<div class=\"elementor-spacer-inner\"><\/div>\n\t\t<\/div>\n\t\t\t\t\t\t<\/div>\n\t\t\t\t<\/div>\n\t\t\t\t<div class=\"elementor-element elementor-element-564029e elementor-widget elementor-widget-heading\" data-id=\"564029e\" data-element_type=\"widget\" data-e-type=\"widget\" data-widget_type=\"heading.default\">\n\t\t\t\t<div class=\"elementor-widget-container\">\n\t\t\t\t\t<h2 class=\"elementor-heading-title elementor-size-default\">6) Dzia\u0142ania prawne, obowi\u0105zuj\u0105ce prawo i jurysdykcja<\/h2>\t\t\t\t<\/div>\n\t\t\t\t<\/div>\n\t\t\t\t<div class=\"elementor-element elementor-element-13ae52a elementor-widget elementor-widget-text-editor\" data-id=\"13ae52a\" data-element_type=\"widget\" data-e-type=\"widget\" data-widget_type=\"text-editor.default\">\n\t\t\t\t<div class=\"elementor-widget-container\">\n\t\t\t\t\t\t\t\t\t<p>UpLearn zastrzega sobie prawo do wszelkich dzia\u0142a\u0144 cywilnych lub karnych, kt\u00f3re uzna za konieczne w zwi\u0105zku z niew\u0142a\u015bciwym korzystaniem ze Stron Internetowych UpLearn i Tre\u015bci lub naruszeniem niniejszych Warunk\u00f3w.<\/p><p>Relacja mi\u0119dzy U\u017cytkownikiem a UpLearn podlega obowi\u0105zuj\u0105cemu prawu Rzeczypospolitej Polskiej. W przypadku jakichkolwiek spor\u00f3w dotycz\u0105cych interpretacji lub stosowania niniejszych Warunk\u00f3w, strony zobowi\u0105zuj\u0105 si\u0119 do poddania ich rozstrzygni\u0119ciu w\u0142a\u015bciwych s\u0105d\u00f3w powszechnych w Polsce.<\/p><p>W celu uzyskania dodatkowych informacji lub kierowania zapyta\u0144, sugestii, skarg i reklamacji, prosimy o kontakt pod adresem: artur@uplearn.es.<\/p>\t\t\t\t\t\t\t\t<\/div>\n\t\t\t\t<\/div>\n\t\t\t\t\t<\/div>\n\t\t\t\t<\/div>\n\t\t<div class=\"elementor-element elementor-element-9405913 e-flex e-con-boxed e-con e-parent\" data-id=\"9405913\" data-element_type=\"container\" data-e-type=\"container\">\n\t\t\t\t\t<div class=\"e-con-inner\">\n\t\t\t\t<div class=\"elementor-element elementor-element-2634ae4 elementor-hidden-mobile elementor-widget elementor-widget-spacer\" data-id=\"2634ae4\" data-element_type=\"widget\" data-e-type=\"widget\" data-widget_type=\"spacer.default\">\n\t\t\t\t<div class=\"elementor-widget-container\">\n\t\t\t\t\t\t\t<div class=\"elementor-spacer\">\n\t\t\t<div class=\"elementor-spacer-inner\"><\/div>\n\t\t<\/div>\n\t\t\t\t\t\t<\/div>\n\t\t\t\t<\/div>\n\t\t\t\t\t<\/div>\n\t\t\t\t<\/div>\n\t\t\t\t<\/div>","protected":false},"excerpt":{"rendered":"<p>Aviso legal y condiciones de uso 1) Informaci\u00f3n general En cumplimiento con el deber de informaci\u00f3n dispuesto en la Ley 34\/2002 de Servicios de la Sociedad de la Informaci\u00f3n y el Comercio Electr\u00f3nico (LSSI-CE) de 11 de julio, se facilitan a continuaci\u00f3n los siguientes datos de informaci\u00f3n general de los sitios web de UpLearn: La [&hellip;]<\/p>","protected":false},"author":1,"featured_media":0,"parent":0,"menu_order":0,"comment_status":"closed","ping_status":"closed","template":"","meta":{"site-sidebar-layout":"no-sidebar","site-content-layout":"page-builder","ast-site-content-layout":"full-width-container","site-content-style":"default","site-sidebar-style":"default","ast-global-header-display":"","ast-banner-title-visibility":"","ast-main-header-display":"","ast-hfb-above-header-display":"","ast-hfb-below-header-display":"","ast-hfb-mobile-header-display":"","site-post-title":"disabled","ast-breadcrumbs-content":"","ast-featured-img":"disabled","footer-sml-layout":"","ast-disable-related-posts":"","theme-transparent-header-meta":"","adv-header-id-meta":"","stick-header-meta":"","header-above-stick-meta":"","header-main-stick-meta":"","header-below-stick-meta":"","astra-migrate-meta-layouts":"set","ast-page-background-enabled":"default","ast-page-background-meta":{"desktop":{"background-color":"var(--ast-global-color-4)","background-image":"","background-repeat":"repeat","background-position":"center center","background-size":"auto","background-attachment":"scroll","background-type":"","background-media":"","overlay-type":"","overlay-color":"","overlay-opacity":"","overlay-gradient":""},"tablet":{"background-color":"","background-image":"","background-repeat":"repeat","background-position":"center center","background-size":"auto","background-attachment":"scroll","background-type":"","background-media":"","overlay-type":"","overlay-color":"","overlay-opacity":"","overlay-gradient":""},"mobile":{"background-color":"","background-image":"","background-repeat":"repeat","background-position":"center center","background-size":"auto","background-attachment":"scroll","background-type":"","background-media":"","overlay-type":"","overlay-color":"","overlay-opacity":"","overlay-gradient":""}},"ast-content-background-meta":{"desktop":{"background-color":"var(--ast-global-color-5)","background-image":"","background-repeat":"repeat","background-position":"center center","background-size":"auto","background-attachment":"scroll","background-type":"","background-media":"","overlay-type":"","overlay-color":"","overlay-opacity":"","overlay-gradient":""},"tablet":{"background-color":"var(--ast-global-color-5)","background-image":"","background-repeat":"repeat","background-position":"center center","background-size":"auto","background-attachment":"scroll","background-type":"","background-media":"","overlay-type":"","overlay-color":"","overlay-opacity":"","overlay-gradient":""},"mobile":{"background-color":"var(--ast-global-color-5)","background-image":"","background-repeat":"repeat","background-position":"center center","background-size":"auto","background-attachment":"scroll","background-type":"","background-media":"","overlay-type":"","overlay-color":"","overlay-opacity":"","overlay-gradient":""}},"footnotes":""},"class_list":["post-2346","page","type-page","status-publish","hentry"],"aioseo_notices":[],"_links":{"self":[{"href":"https:\/\/uplearn.es\/pl\/wp-json\/wp\/v2\/pages\/2346","targetHints":{"allow":["GET"]}}],"collection":[{"href":"https:\/\/uplearn.es\/pl\/wp-json\/wp\/v2\/pages"}],"about":[{"href":"https:\/\/uplearn.es\/pl\/wp-json\/wp\/v2\/types\/page"}],"author":[{"embeddable":true,"href":"https:\/\/uplearn.es\/pl\/wp-json\/wp\/v2\/users\/1"}],"replies":[{"embeddable":true,"href":"https:\/\/uplearn.es\/pl\/wp-json\/wp\/v2\/comments?post=2346"}],"version-history":[{"count":16,"href":"https:\/\/uplearn.es\/pl\/wp-json\/wp\/v2\/pages\/2346\/revisions"}],"predecessor-version":[{"id":2407,"href":"https:\/\/uplearn.es\/pl\/wp-json\/wp\/v2\/pages\/2346\/revisions\/2407"}],"wp:attachment":[{"href":"https:\/\/uplearn.es\/pl\/wp-json\/wp\/v2\/media?parent=2346"}],"curies":[{"name":"wp","href":"https:\/\/api.w.org\/{rel}","templated":true}]}}