{"id":2297,"date":"2025-09-18T01:06:09","date_gmt":"2025-09-18T00:06:09","guid":{"rendered":"https:\/\/uplearn.es\/?page_id=2297"},"modified":"2025-09-18T22:34:34","modified_gmt":"2025-09-18T21:34:34","slug":"politica-de-cookies","status":"publish","type":"page","link":"https:\/\/uplearn.es\/pl\/politica-de-cookies\/","title":{"rendered":"Polityka Plik\u00f3w Cookies"},"content":{"rendered":"<div data-elementor-type=\"wp-page\" data-elementor-id=\"2297\" class=\"elementor elementor-2297\">\n\t\t\t\t<div class=\"elementor-element elementor-element-d2b82fb elementor-hidden-tablet elementor-hidden-mobile e-flex e-con-boxed e-con e-parent\" data-id=\"d2b82fb\" data-element_type=\"container\" data-e-type=\"container\" data-settings=\"{&quot;background_background&quot;:&quot;classic&quot;}\">\n\t\t\t\t\t<div class=\"e-con-inner\">\n\t\t\t\t\t<\/div>\n\t\t\t\t<\/div>\n\t\t<div class=\"elementor-element elementor-element-ce2a56e e-flex e-con-boxed e-con e-parent\" data-id=\"ce2a56e\" data-element_type=\"container\" data-e-type=\"container\" data-settings=\"{&quot;background_background&quot;:&quot;classic&quot;}\">\n\t\t\t\t\t<div class=\"e-con-inner\">\n\t\t\t\t<div class=\"elementor-element elementor-element-594c58c elementor-widget elementor-widget-spacer\" data-id=\"594c58c\" data-element_type=\"widget\" data-e-type=\"widget\" data-widget_type=\"spacer.default\">\n\t\t\t\t<div class=\"elementor-widget-container\">\n\t\t\t\t\t\t\t<div class=\"elementor-spacer\">\n\t\t\t<div class=\"elementor-spacer-inner\"><\/div>\n\t\t<\/div>\n\t\t\t\t\t\t<\/div>\n\t\t\t\t<\/div>\n\t\t\t\t<div class=\"elementor-element elementor-element-37dd30f elementor-widget elementor-widget-heading\" data-id=\"37dd30f\" data-element_type=\"widget\" data-e-type=\"widget\" data-widget_type=\"heading.default\">\n\t\t\t\t<div class=\"elementor-widget-container\">\n\t\t\t\t\t<h1 class=\"elementor-heading-title elementor-size-default\">Polityka Plik\u00f3w Cookies<\/h1>\t\t\t\t<\/div>\n\t\t\t\t<\/div>\n\t\t\t\t<div class=\"elementor-element elementor-element-73d16d6 elementor-widget elementor-widget-spacer\" data-id=\"73d16d6\" data-element_type=\"widget\" data-e-type=\"widget\" data-widget_type=\"spacer.default\">\n\t\t\t\t<div class=\"elementor-widget-container\">\n\t\t\t\t\t\t\t<div class=\"elementor-spacer\">\n\t\t\t<div class=\"elementor-spacer-inner\"><\/div>\n\t\t<\/div>\n\t\t\t\t\t\t<\/div>\n\t\t\t\t<\/div>\n\t\t\t\t<div class=\"elementor-element elementor-element-b27fd4c elementor-widget elementor-widget-heading\" data-id=\"b27fd4c\" data-element_type=\"widget\" data-e-type=\"widget\" data-widget_type=\"heading.default\">\n\t\t\t\t<div class=\"elementor-widget-container\">\n\t\t\t\t\t<h2 class=\"elementor-heading-title elementor-size-default\">Czym s\u0105 pliki cookies i do czego s\u0142u\u017c\u0105?<\/h2>\t\t\t\t<\/div>\n\t\t\t\t<\/div>\n\t\t\t\t<div class=\"elementor-element elementor-element-a47a09a elementor-widget elementor-widget-text-editor\" data-id=\"a47a09a\" data-element_type=\"widget\" data-e-type=\"widget\" data-widget_type=\"text-editor.default\">\n\t\t\t\t<div class=\"elementor-widget-container\">\n\t\t\t\t\t\t\t\t\t<p>Ta strona internetowa korzysta z plik\u00f3w cookies i\/lub podobnych technologii, kt\u00f3re przechowuj\u0105 i odzyskuj\u0105 informacje podczas przegl\u0105dania. Og\u00f3lnie rzecz bior\u0105c, technologie te mog\u0105 s\u0142u\u017cy\u0107 r\u00f3\u017cnym celom, takim jak rozpoznanie u\u017cytkownika, uzyskanie informacji o jego nawykach przegl\u0105dania lub personalizacja sposobu wy\u015bwietlania tre\u015bci. Konkretne zastosowania opisano poni\u017cej.<\/p>\t\t\t\t\t\t\t\t<\/div>\n\t\t\t\t<\/div>\n\t\t\t\t<div class=\"elementor-element elementor-element-8a002cb elementor-widget elementor-widget-spacer\" data-id=\"8a002cb\" data-element_type=\"widget\" data-e-type=\"widget\" data-widget_type=\"spacer.default\">\n\t\t\t\t<div class=\"elementor-widget-container\">\n\t\t\t\t\t\t\t<div class=\"elementor-spacer\">\n\t\t\t<div class=\"elementor-spacer-inner\"><\/div>\n\t\t<\/div>\n\t\t\t\t\t\t<\/div>\n\t\t\t\t<\/div>\n\t\t\t\t<div class=\"elementor-element elementor-element-2897f95 elementor-widget elementor-widget-heading\" data-id=\"2897f95\" data-element_type=\"widget\" data-e-type=\"widget\" data-widget_type=\"heading.default\">\n\t\t\t\t<div class=\"elementor-widget-container\">\n\t\t\t\t\t<h2 class=\"elementor-heading-title elementor-size-default\">Rodzaje plik\u00f3w cookies<\/h2>\t\t\t\t<\/div>\n\t\t\t\t<\/div>\n\t\t\t\t<div class=\"elementor-element elementor-element-ec7fca2 elementor-widget elementor-widget-text-editor\" data-id=\"ec7fca2\" data-element_type=\"widget\" data-e-type=\"widget\" data-widget_type=\"text-editor.default\">\n\t\t\t\t<div class=\"elementor-widget-container\">\n\t\t\t\t\t\t\t\t\t<p><strong>A) Zgodnie z podmiotem, kt\u00f3ry nimi zarz\u0105dza:<\/strong><\/p><ul><li><strong>Cookies w\u0142asne<\/strong>: wysy\u0142ane do urz\u0105dzenia ko\u0144cowego u\u017cytkownika z urz\u0105dzenia lub domeny zarz\u0105dzanej przez ten podmiot i z kt\u00f3rego \u015bwiadczona jest \u017c\u0105dana us\u0142uga.<\/li><li><strong>Cookies stron trzecich<\/strong>: wysy\u0142ane do urz\u0105dzenia ko\u0144cowego u\u017cytkownika z urz\u0105dzenia lub domeny, kt\u00f3re nie s\u0105 zarz\u0105dzane przez ten podmiot, lecz przez inn\u0105 organizacj\u0119 przetwarzaj\u0105c\u0105 dane uzyskane za pomoc\u0105 cookies.<\/li><\/ul><p><strong>B) Zgodnie z czasem przechowywania:<\/strong><\/p><ul><li><strong>Cookies sesyjne<\/strong>: zaprojektowane w celu gromadzenia i przechowywania danych podczas dost\u0119pu u\u017cytkownika do strony internetowej. Zazwyczaj s\u0105 u\u017cywane do przechowywania informacji niezb\u0119dnych tylko do jednorazowego \u015bwiadczenia us\u0142ugi i wygasaj\u0105 po zako\u0144czeniu sesji.<\/li><li><strong>Cookies sta\u0142e<\/strong>: przechowywane na dysku twardym i odczytywane przez nasz\u0105 stron\u0119 internetow\u0105 przy ka\u017cdym dost\u0119pie u\u017cytkownika. Pozostaj\u0105 na urz\u0105dzeniu u\u017cytkownika do daty wyga\u015bni\u0119cia, po kt\u00f3rej przestaj\u0105 dzia\u0142a\u0107.<\/li><\/ul><p><strong>C) Zgodnie z przeznaczeniem:<\/strong><\/p><ul><li><strong>Cookies techniczne lub niezb\u0119dne<\/strong>: niezb\u0119dne do prawid\u0142owego dzia\u0142ania strony internetowej i nawigacji, umo\u017cliwiaj\u0105 podstawowe funkcje oraz dost\u0119p do sekcji zabezpieczonych. Bez nich wiele dost\u0119pnych us\u0142ug nie dzia\u0142a\u0142oby poprawnie.<\/li><li><strong>Cookies preferencji lub personalizacji<\/strong>: te dodatkowe pliki cookies pozwalaj\u0105 zapami\u0119ta\u0107 istotne informacje, aby odr\u00f3\u017cnia\u0107 u\u017cytkownik\u00f3w i zapewnia\u0107 im spersonalizowane do\u015bwiadczenia, a tak\u017ce tworzy\u0107 profil w oparciu o ich nawyki przegl\u0105dania (np. j\u0119zyk, liczba wynik\u00f3w wyszukiwania, wygl\u0105d lub tre\u015b\u0107 serwisu zale\u017cnie od przegl\u0105darki czy regionu dost\u0119pu).<\/li><li><strong>Cookies analityczne lub pomiarowe<\/strong>: te dodatkowe pliki cookies umo\u017cliwiaj\u0105 monitorowanie i analiz\u0119 korzystania z naszej strony przez u\u017cytkownik\u00f3w. Dane gromadzone przez te pliki s\u0142u\u017c\u0105 m.in. do mierzenia skuteczno\u015bci reklam i aktywno\u015bci strony w celu jej ulepszania.<\/li><\/ul>\t\t\t\t\t\t\t\t<\/div>\n\t\t\t\t<\/div>\n\t\t\t\t<div class=\"elementor-element elementor-element-2412bc6 elementor-widget elementor-widget-heading\" data-id=\"2412bc6\" data-element_type=\"widget\" data-e-type=\"widget\" data-widget_type=\"heading.default\">\n\t\t\t\t<div class=\"elementor-widget-container\">\n\t\t\t\t\t<h2 class=\"elementor-heading-title elementor-size-default\">Jakie pliki cookies wykorzystuje ta strona internetowa?<\/h2>\t\t\t\t<\/div>\n\t\t\t\t<\/div>\n\t\t\t\t<div class=\"elementor-element elementor-element-84bdacf elementor-widget elementor-widget-text-editor\" data-id=\"84bdacf\" data-element_type=\"widget\" data-e-type=\"widget\" data-widget_type=\"text-editor.default\">\n\t\t\t\t<div class=\"elementor-widget-container\">\n\t\t\t\t\t\t\t\t\t<p>Ta strona korzysta z nast\u0119puj\u0105cych <strong>cookies w\u0142asnych<\/strong>:<\/p>\t\t\t\t\t\t\t\t<\/div>\n\t\t\t\t<\/div>\n\t\t\t\t<div class=\"elementor-element elementor-element-010d314 elementor-widget elementor-widget-text-editor\" data-id=\"010d314\" data-element_type=\"widget\" data-e-type=\"widget\" data-widget_type=\"text-editor.default\">\n\t\t\t\t<div class=\"elementor-widget-container\">\n\t\t\t\t\t\t\t\t\t<hr \/><p style=\"padding-left: 40px;\"><em><strong>Nazwa<\/strong>: moove_gdpr_popup<\/em><\/p><p style=\"padding-left: 40px;\"><em><strong>Rodzaj<\/strong>: sta\u0142e<\/em><\/p><p style=\"padding-left: 40px;\"><em><strong>Czas trwania<\/strong>: 1 miesi\u0105c<\/em><\/p><p style=\"padding-left: 40px;\"><em><strong>Opis<\/strong>: Plik cookie niezb\u0119dny, kt\u00f3ry zapisuje preferencje i zgody dotycz\u0105ce cookies zgodnie z ustawieniami w sekcji USTAWIENIA.<\/em><\/p><hr \/><p style=\"padding-left: 40px;\">\u00a0<\/p>\t\t\t\t\t\t\t\t<\/div>\n\t\t\t\t<\/div>\n\t\t\t\t<div class=\"elementor-element elementor-element-052dd1e elementor-widget elementor-widget-text-editor\" data-id=\"052dd1e\" data-element_type=\"widget\" data-e-type=\"widget\" data-widget_type=\"text-editor.default\">\n\t\t\t\t<div class=\"elementor-widget-container\">\n\t\t\t\t\t\t\t\t\t<p>Ta strona korzysta z nast\u0119puj\u0105cych <strong>cookies stron trzecich<\/strong> w celach statystycznych i analitycznych:<\/p>\t\t\t\t\t\t\t\t<\/div>\n\t\t\t\t<\/div>\n\t\t\t\t<div class=\"elementor-element elementor-element-dbca82c elementor-widget elementor-widget-text-editor\" data-id=\"dbca82c\" data-element_type=\"widget\" data-e-type=\"widget\" data-widget_type=\"text-editor.default\">\n\t\t\t\t<div class=\"elementor-widget-container\">\n\t\t\t\t\t\t\t\t\t<hr \/><p style=\"padding-left: 40px;\"><em><strong>Nazwa<\/strong>: _ga<\/em><\/p><p style=\"padding-left: 40px;\"><em><strong>Rodzaj<\/strong>: sta\u0142e<\/em><\/p><p style=\"padding-left: 40px;\"><strong><em>Czas trwania<\/em><\/strong><em>: <\/em><em>1 rok<\/em><\/p><p style=\"padding-left: 40px;\"><em><strong>Opis<\/strong>: Plik analityczny generowany przez Google Analytics, umo\u017cliwiaj\u0105cy rozr\u00f3\u017cnianie u\u017cytkownik\u00f3w i sesji. Tworzony przy uruchomieniu biblioteki JavaScript, aktualizowany przy ka\u017cdym przes\u0142aniu danych do Google Analytics. <a href=\"https:\/\/policies.google.com\/technologies\/cookies?hl=pl\">Wi\u0119cej informacji<\/a>.<\/em><\/p><hr \/><p style=\"padding-left: 40px;\"><em><strong>Nazwa<\/strong>: _ga_{property-id}<\/em><\/p><p style=\"padding-left: 40px;\"><em><strong>Rodzaj<\/strong>: sta\u0142e<\/em><\/p><p style=\"padding-left: 40px;\"><em><strong>Czas trwania<\/strong>: 1 rok<\/em><\/p><p style=\"padding-left: 40px;\"><em><strong>Opis<\/strong>Gromadzi dane o liczbie wizyt u\u017cytkownika na stronie, a tak\u017ce o dacie pierwszej i ostatniej wizyty. Wykorzystywany przez Google Analytics.<\/em><\/p><hr \/><p>\u00a0<\/p>\t\t\t\t\t\t\t\t<\/div>\n\t\t\t\t<\/div>\n\t\t\t\t<div class=\"elementor-element elementor-element-94b86c7 elementor-widget elementor-widget-text-editor\" data-id=\"94b86c7\" data-element_type=\"widget\" data-e-type=\"widget\" data-widget_type=\"text-editor.default\">\n\t\t\t\t<div class=\"elementor-widget-container\">\n\t\t\t\t\t\t\t\t\t<p>W plikach cookies, kt\u00f3rych u\u017cywamy, nie s\u0105 przechowywane wra\u017cliwe dane osobowe, takie jak imi\u0119, adres czy has\u0142o.<\/p>\t\t\t\t\t\t\t\t<\/div>\n\t\t\t\t<\/div>\n\t\t\t\t<div class=\"elementor-element elementor-element-2949a9a elementor-widget elementor-widget-spacer\" data-id=\"2949a9a\" data-element_type=\"widget\" data-e-type=\"widget\" data-widget_type=\"spacer.default\">\n\t\t\t\t<div class=\"elementor-widget-container\">\n\t\t\t\t\t\t\t<div class=\"elementor-spacer\">\n\t\t\t<div class=\"elementor-spacer-inner\"><\/div>\n\t\t<\/div>\n\t\t\t\t\t\t<\/div>\n\t\t\t\t<\/div>\n\t\t\t\t<div class=\"elementor-element elementor-element-10986e7 elementor-widget elementor-widget-heading\" data-id=\"10986e7\" data-element_type=\"widget\" data-e-type=\"widget\" data-widget_type=\"heading.default\">\n\t\t\t\t<div class=\"elementor-widget-container\">\n\t\t\t\t\t<h2 class=\"elementor-heading-title elementor-size-default\">Jak wy\u0142\u0105czy\u0107 i usun\u0105\u0107 pliki cookies?<\/h2>\t\t\t\t<\/div>\n\t\t\t\t<\/div>\n\t\t\t\t<div class=\"elementor-element elementor-element-3d8cfae elementor-widget elementor-widget-text-editor\" data-id=\"3d8cfae\" data-element_type=\"widget\" data-e-type=\"widget\" data-widget_type=\"text-editor.default\">\n\t\t\t\t<div class=\"elementor-widget-container\">\n\t\t\t\t\t\t\t\t\t<p>Aby ograniczy\u0107, zablokowa\u0107 lub usun\u0105\u0107 pliki cookies z tej strony (oraz pliki stron trzecich), mo\u017cesz w ka\u017cdej chwili zmieni\u0107 ustawienia swojej przegl\u0105darki. Pami\u0119taj, \u017ce w ka\u017cdej przegl\u0105darce wygl\u0105da to inaczej.\nInstrukcje znajdziesz w poni\u017cszych linkach:<\/p><ul><li><a href=\"https:\/\/support.mozilla.org\/pl\/kb\/ciasteczka\">Firefox<\/a><\/li><li><a href=\"https:\/\/support.google.com\/accounts\/answer\/61416?co=GENIE.Platform=Desktop&amp;hl=pl\">Google Chrome<\/a><\/li><li><a href=\"https:\/\/support.microsoft.com\/pl-pl\/windows\/zmienianie-ustawie-zabezpiecze-i-prywatnoci-dotyczcych-programu-internet-explorer-11-9528b011-664c-b771-d757-43a2b78b2afe\">Internet Explorer<\/a><\/li><li><a href=\"https:\/\/support.microsoft.com\/pl-pl\/windows\/zarzdzanie-plikami-cookie-w-przegldarce-microsoft-edge-wywietlanie-zezwalanie-blokowanie-usuwanie-i-uywanie-168dab11-0753-043d-7c16-ede5947fc64d\">Microsoft Edge<\/a><\/li><li><a href=\"https:\/\/support.apple.com\/pl-pl\/guide\/safari\/sfri11471\/mac\">Safari<\/a><\/li><li><a href=\"https:\/\/help.opera.com\/pl\/latest\/web-preferences\/\">Opera<\/a><\/li><\/ul><p>W przypadku zablokowania cookies niekt\u00f3re us\u0142ugi lub funkcje strony mog\u0105 by\u0107 niedost\u0119pne. Ta strona nie mo\u017ce zagwarantowa\u0107 prawid\u0142owego dzia\u0142ania cookies w poszczeg\u00f3lnych przegl\u0105darkach.<\/p>\t\t\t\t\t\t\t\t<\/div>\n\t\t\t\t<\/div>\n\t\t\t\t<div class=\"elementor-element elementor-element-37a49f9 elementor-widget elementor-widget-text-editor\" data-id=\"37a49f9\" data-element_type=\"widget\" data-e-type=\"widget\" data-widget_type=\"text-editor.default\">\n\t\t\t\t<div class=\"elementor-widget-container\">\n\t\t\t\t\t\t\t\t\t<p class=\"translation-block\">W razie pyta\u0144 lub w\u0105tpliwo\u015bci dotycz\u0105cych tej polityki cookies prosimy o kontakt za po\u015brednictwem <a href=\"https:\/\/uplearn.es\/pl\/contacto\/\" target=\"_self\">strony kontaktowej<\/a>.<\/p>\t\t\t\t\t\t\t\t<\/div>\n\t\t\t\t<\/div>\n\t\t\t\t\t<\/div>\n\t\t\t\t<\/div>\n\t\t<div class=\"elementor-element elementor-element-b33aa77 e-flex e-con-boxed e-con e-parent\" data-id=\"b33aa77\" data-element_type=\"container\" data-e-type=\"container\">\n\t\t\t\t\t<div class=\"e-con-inner\">\n\t\t\t\t<div class=\"elementor-element elementor-element-6652568 elementor-hidden-mobile elementor-widget elementor-widget-spacer\" data-id=\"6652568\" data-element_type=\"widget\" data-e-type=\"widget\" data-widget_type=\"spacer.default\">\n\t\t\t\t<div class=\"elementor-widget-container\">\n\t\t\t\t\t\t\t<div class=\"elementor-spacer\">\n\t\t\t<div class=\"elementor-spacer-inner\"><\/div>\n\t\t<\/div>\n\t\t\t\t\t\t<\/div>\n\t\t\t\t<\/div>\n\t\t\t\t\t<\/div>\n\t\t\t\t<\/div>\n\t\t\t\t<\/div>","protected":false},"excerpt":{"rendered":"<p>Pol\u00edtica de Cookies \u00bfQu\u00e9 son las cookies y para qu\u00e9 se utilizan? Este sitio web utiliza cookies y\/o tecnolog\u00edas similares que almacenan y recuperan informaci\u00f3n cuando navega. En general, estas tecnolog\u00edas pueden servir para finalidades muy diversas, como, por ejemplo, reconocerle como usuario, obtener informaci\u00f3n sobre sus h\u00e1bitos de navegaci\u00f3n, o personalizar la forma en [&hellip;]<\/p>","protected":false},"author":1,"featured_media":0,"parent":0,"menu_order":0,"comment_status":"closed","ping_status":"closed","template":"","meta":{"site-sidebar-layout":"no-sidebar","site-content-layout":"page-builder","ast-site-content-layout":"full-width-container","site-content-style":"default","site-sidebar-style":"default","ast-global-header-display":"","ast-banner-title-visibility":"","ast-main-header-display":"","ast-hfb-above-header-display":"","ast-hfb-below-header-display":"","ast-hfb-mobile-header-display":"","site-post-title":"disabled","ast-breadcrumbs-content":"","ast-featured-img":"disabled","footer-sml-layout":"","ast-disable-related-posts":"","theme-transparent-header-meta":"","adv-header-id-meta":"","stick-header-meta":"","header-above-stick-meta":"","header-main-stick-meta":"","header-below-stick-meta":"","astra-migrate-meta-layouts":"set","ast-page-background-enabled":"default","ast-page-background-meta":{"desktop":{"background-color":"var(--ast-global-color-4)","background-image":"","background-repeat":"repeat","background-position":"center center","background-size":"auto","background-attachment":"scroll","background-type":"","background-media":"","overlay-type":"","overlay-color":"","overlay-opacity":"","overlay-gradient":""},"tablet":{"background-color":"","background-image":"","background-repeat":"repeat","background-position":"center center","background-size":"auto","background-attachment":"scroll","background-type":"","background-media":"","overlay-type":"","overlay-color":"","overlay-opacity":"","overlay-gradient":""},"mobile":{"background-color":"","background-image":"","background-repeat":"repeat","background-position":"center center","background-size":"auto","background-attachment":"scroll","background-type":"","background-media":"","overlay-type":"","overlay-color":"","overlay-opacity":"","overlay-gradient":""}},"ast-content-background-meta":{"desktop":{"background-color":"var(--ast-global-color-5)","background-image":"","background-repeat":"repeat","background-position":"center center","background-size":"auto","background-attachment":"scroll","background-type":"","background-media":"","overlay-type":"","overlay-color":"","overlay-opacity":"","overlay-gradient":""},"tablet":{"background-color":"var(--ast-global-color-5)","background-image":"","background-repeat":"repeat","background-position":"center center","background-size":"auto","background-attachment":"scroll","background-type":"","background-media":"","overlay-type":"","overlay-color":"","overlay-opacity":"","overlay-gradient":""},"mobile":{"background-color":"var(--ast-global-color-5)","background-image":"","background-repeat":"repeat","background-position":"center center","background-size":"auto","background-attachment":"scroll","background-type":"","background-media":"","overlay-type":"","overlay-color":"","overlay-opacity":"","overlay-gradient":""}},"footnotes":""},"class_list":["post-2297","page","type-page","status-publish","hentry"],"aioseo_notices":[],"_links":{"self":[{"href":"https:\/\/uplearn.es\/pl\/wp-json\/wp\/v2\/pages\/2297","targetHints":{"allow":["GET"]}}],"collection":[{"href":"https:\/\/uplearn.es\/pl\/wp-json\/wp\/v2\/pages"}],"about":[{"href":"https:\/\/uplearn.es\/pl\/wp-json\/wp\/v2\/types\/page"}],"author":[{"embeddable":true,"href":"https:\/\/uplearn.es\/pl\/wp-json\/wp\/v2\/users\/1"}],"replies":[{"embeddable":true,"href":"https:\/\/uplearn.es\/pl\/wp-json\/wp\/v2\/comments?post=2297"}],"version-history":[{"count":34,"href":"https:\/\/uplearn.es\/pl\/wp-json\/wp\/v2\/pages\/2297\/revisions"}],"predecessor-version":[{"id":2340,"href":"https:\/\/uplearn.es\/pl\/wp-json\/wp\/v2\/pages\/2297\/revisions\/2340"}],"wp:attachment":[{"href":"https:\/\/uplearn.es\/pl\/wp-json\/wp\/v2\/media?parent=2297"}],"curies":[{"name":"wp","href":"https:\/\/api.w.org\/{rel}","templated":true}]}}