{"id":1697,"date":"2024-11-15T09:26:58","date_gmt":"2024-11-15T08:26:58","guid":{"rendered":"https:\/\/uplearn.es\/?page_id=1697"},"modified":"2024-11-23T15:45:22","modified_gmt":"2024-11-23T14:45:22","slug":"sobre-mi","status":"publish","type":"page","link":"https:\/\/uplearn.es\/pl\/sobre-mi\/","title":{"rendered":"O mnie"},"content":{"rendered":"<div data-elementor-type=\"wp-page\" data-elementor-id=\"1697\" class=\"elementor elementor-1697\">\n\t\t\t\t<div class=\"elementor-element elementor-element-75a4035 elementor-hidden-tablet elementor-hidden-mobile e-flex e-con-boxed e-con e-parent\" data-id=\"75a4035\" data-element_type=\"container\" data-settings=\"{&quot;background_background&quot;:&quot;classic&quot;}\">\n\t\t\t\t\t<div class=\"e-con-inner\">\n\t\t\t\t\t<\/div>\n\t\t\t\t<\/div>\n\t\t<div class=\"elementor-element elementor-element-018aba3 e-flex e-con-boxed e-con e-parent\" data-id=\"018aba3\" data-element_type=\"container\" data-settings=\"{&quot;background_background&quot;:&quot;classic&quot;}\">\n\t\t\t\t\t<div class=\"e-con-inner\">\n\t\t\t\t<div class=\"elementor-element elementor-element-4700f26 elementor-widget elementor-widget-spacer\" data-id=\"4700f26\" data-element_type=\"widget\" data-widget_type=\"spacer.default\">\n\t\t\t\t<div class=\"elementor-widget-container\">\n\t\t\t\t\t\t\t<div class=\"elementor-spacer\">\n\t\t\t<div class=\"elementor-spacer-inner\"><\/div>\n\t\t<\/div>\n\t\t\t\t\t\t<\/div>\n\t\t\t\t<\/div>\n\t\t\t\t<div class=\"elementor-element elementor-element-a8590cb elementor-widget elementor-widget-heading\" data-id=\"a8590cb\" data-element_type=\"widget\" data-widget_type=\"heading.default\">\n\t\t\t\t<div class=\"elementor-widget-container\">\n\t\t\t\t\t<h1 class=\"elementor-heading-title elementor-size-default\">Artur Kocia\u0142kowski<\/h1>\t\t\t\t<\/div>\n\t\t\t\t<\/div>\n\t\t\t\t<div class=\"elementor-element elementor-element-f5a548d elementor-widget elementor-widget-heading\" data-id=\"f5a548d\" data-element_type=\"widget\" data-widget_type=\"heading.default\">\n\t\t\t\t<div class=\"elementor-widget-container\">\n\t\t\t\t\t<h2 class=\"elementor-heading-title elementor-size-default\">Nauczyciel z z ponad 20-letnim do\u015bwiadczeniem w bran\u017cy, kt\u00f3rego pasj\u0105 s\u0105 j\u0119zyki i praca z lud\u017ami.<\/h2>\t\t\t\t<\/div>\n\t\t\t\t<\/div>\n\t\t\t\t<div class=\"elementor-element elementor-element-442cf62 elementor-widget elementor-widget-text-editor\" data-id=\"442cf62\" data-element_type=\"widget\" data-widget_type=\"text-editor.default\">\n\t\t\t\t<div class=\"elementor-widget-container\">\n\t\t\t\t\t\t\t\t\t<p>Pracuj\u0119 w bran\u017cy j\u0119zykowej od oko\u0142o 20 lat, specjalizuj\u0105c si\u0119 w nauczaniu i t\u0142umaczeniach. Pracowa\u0142em w r\u00f3\u017cnych szko\u0142ach j\u0119zykowych i firmach zar\u00f3wno z grupami, jak i uczniami indywidualnymi w r\u00f3\u017cnym wieku, z wieloma potrzebami i celami.<\/p>\t\t\t\t\t\t\t\t<\/div>\n\t\t\t\t<\/div>\n\t\t\t\t<div class=\"elementor-element elementor-element-25397ae elementor-widget elementor-widget-text-editor\" data-id=\"25397ae\" data-element_type=\"widget\" data-widget_type=\"text-editor.default\">\n\t\t\t\t<div class=\"elementor-widget-container\">\n\t\t\t\t\t\t\t\t\t<p>Mam du\u017ce do\u015bwiadczenie w przygotowywaniu do egzamin\u00f3w j\u0119zykowych, takich jak Cambridge English, Trinity, IELTS, itd. Ponadto opracowa\u0142em i prowadzi\u0142em wiele stacjonarnych i internetowych kurs\u00f3w j\u0119zyka angielskiego, przygotowa\u0142em setki materia\u0142\u00f3w dydaktycznych i koordynowa\u0142em r\u00f3\u017cne dzia\u0142y w szko\u0142ach, z kt\u00f3rymi pracowa\u0142em.<\/p>\t\t\t\t\t\t\t\t<\/div>\n\t\t\t\t<\/div>\n\t\t\t\t<div class=\"elementor-element elementor-element-8963979 elementor-widget elementor-widget-text-editor\" data-id=\"8963979\" data-element_type=\"widget\" data-widget_type=\"text-editor.default\">\n\t\t\t\t<div class=\"elementor-widget-container\">\n\t\t\t\t\t\t\t\t\t<p>Opr\u00f3cz przygotowania akademickiego (magister filologii) stale si\u0119 rozwijam, uczestnicz\u0105c w licznych konferencjach i seminariach na temat nauczania j\u0119zyk\u00f3w obcych i specyfiki prowadzenia zaj\u0119\u0107.<\/p>\t\t\t\t\t\t\t\t<\/div>\n\t\t\t\t<\/div>\n\t\t\t\t<div class=\"elementor-element elementor-element-bc79aaa elementor-widget elementor-widget-text-editor\" data-id=\"bc79aaa\" data-element_type=\"widget\" data-widget_type=\"text-editor.default\">\n\t\t\t\t<div class=\"elementor-widget-container\">\n\t\t\t\t\t\t\t\t\t<p>Na lekcjach jestem dynamicznym nauczycielem z inicjatyw\u0105, anga\u017cuj\u0105cym si\u0119 w proces nauczania, na ka\u017cdym etapie. Lubi\u0119 te\u017c poznawa\u0107 nowych ludzi i dzieli\u0107 si\u0119 wiedz\u0105 i do\u015bwiadczeniami.<\/p>\t\t\t\t\t\t\t\t<\/div>\n\t\t\t\t<\/div>\n\t\t\t\t<div class=\"elementor-element elementor-element-c671405 elementor-widget elementor-widget-text-editor\" data-id=\"c671405\" data-element_type=\"widget\" data-widget_type=\"text-editor.default\">\n\t\t\t\t<div class=\"elementor-widget-container\">\n\t\t\t\t\t\t\t\t\t<p>D\u0105\u017c\u0119 do tego, aby w pe\u0142ni wykorzysta\u0107 moje do\u015bwiadczenie i energi\u0119, koncentruj\u0105c si\u0119 na indywidualnej pracy z klientami, aby wsp\u00f3lny proces nauczania by\u0142 efektywny, owocny i satysfakcjonuj\u0105cy dla obu stron.<\/p>\t\t\t\t\t\t\t\t<\/div>\n\t\t\t\t<\/div>\n\t\t\t\t<div class=\"elementor-element elementor-element-bf46996 elementor-widget elementor-widget-spacer\" data-id=\"bf46996\" data-element_type=\"widget\" data-widget_type=\"spacer.default\">\n\t\t\t\t<div class=\"elementor-widget-container\">\n\t\t\t\t\t\t\t<div class=\"elementor-spacer\">\n\t\t\t<div class=\"elementor-spacer-inner\"><\/div>\n\t\t<\/div>\n\t\t\t\t\t\t<\/div>\n\t\t\t\t<\/div>\n\t\t\t\t\t<\/div>\n\t\t\t\t<\/div>\n\t\t<div class=\"elementor-element elementor-element-dbfad54 e-flex e-con-boxed e-con e-parent\" data-id=\"dbfad54\" data-element_type=\"container\">\n\t\t\t\t\t<div class=\"e-con-inner\">\n\t\t<div class=\"elementor-element elementor-element-47bfb0f e-con-full e-flex e-con e-child\" data-id=\"47bfb0f\" data-element_type=\"container\">\n\t\t\t\t<div class=\"elementor-element elementor-element-543d1c1 elementor-widget elementor-widget-image\" data-id=\"543d1c1\" data-element_type=\"widget\" data-widget_type=\"image.default\">\n\t\t\t\t<div class=\"elementor-widget-container\">\n\t\t\t\t\t\t\t\t\t\t\t\t\t\t\t<img fetchpriority=\"high\" decoding=\"async\" width=\"1024\" height=\"1024\" src=\"https:\/\/uplearn.es\/wp-content\/uploads\/2024\/11\/18-cropped-1-1024x1024.jpg\" class=\"attachment-large size-large wp-image-1847\" alt=\"\" srcset=\"https:\/\/uplearn.es\/wp-content\/uploads\/2024\/11\/18-cropped-1-1024x1024.jpg 1024w, https:\/\/uplearn.es\/wp-content\/uploads\/2024\/11\/18-cropped-1-300x300.jpg 300w, https:\/\/uplearn.es\/wp-content\/uploads\/2024\/11\/18-cropped-1-150x150.jpg 150w, https:\/\/uplearn.es\/wp-content\/uploads\/2024\/11\/18-cropped-1-768x768.jpg 768w, https:\/\/uplearn.es\/wp-content\/uploads\/2024\/11\/18-cropped-1.jpg 1333w\" sizes=\"(max-width: 1024px) 100vw, 1024px\" \/>\t\t\t\t\t\t\t\t\t\t\t\t\t\t\t<\/div>\n\t\t\t\t<\/div>\n\t\t\t\t<\/div>\n\t\t<div class=\"elementor-element elementor-element-5615b25 e-con-full e-flex e-con e-child\" data-id=\"5615b25\" data-element_type=\"container\">\n\t\t\t\t<div class=\"elementor-element elementor-element-0153d7c elementor-widget elementor-widget-image\" data-id=\"0153d7c\" data-element_type=\"widget\" data-widget_type=\"image.default\">\n\t\t\t\t<div class=\"elementor-widget-container\">\n\t\t\t\t\t\t\t\t\t\t\t\t\t\t\t<img decoding=\"async\" width=\"1024\" height=\"1024\" src=\"https:\/\/uplearn.es\/wp-content\/uploads\/2024\/11\/19-cropped-2-1024x1024.jpg\" class=\"attachment-large size-large wp-image-1848\" alt=\"\" srcset=\"https:\/\/uplearn.es\/wp-content\/uploads\/2024\/11\/19-cropped-2-1024x1024.jpg 1024w, https:\/\/uplearn.es\/wp-content\/uploads\/2024\/11\/19-cropped-2-300x300.jpg 300w, https:\/\/uplearn.es\/wp-content\/uploads\/2024\/11\/19-cropped-2-150x150.jpg 150w, https:\/\/uplearn.es\/wp-content\/uploads\/2024\/11\/19-cropped-2-768x768.jpg 768w, https:\/\/uplearn.es\/wp-content\/uploads\/2024\/11\/19-cropped-2.jpg 1333w\" sizes=\"(max-width: 1024px) 100vw, 1024px\" \/>\t\t\t\t\t\t\t\t\t\t\t\t\t\t\t<\/div>\n\t\t\t\t<\/div>\n\t\t\t\t<div class=\"elementor-element elementor-element-29db757 elementor-hidden-mobile elementor-widget elementor-widget-spacer\" data-id=\"29db757\" data-element_type=\"widget\" data-widget_type=\"spacer.default\">\n\t\t\t\t<div class=\"elementor-widget-container\">\n\t\t\t\t\t\t\t<div class=\"elementor-spacer\">\n\t\t\t<div class=\"elementor-spacer-inner\"><\/div>\n\t\t<\/div>\n\t\t\t\t\t\t<\/div>\n\t\t\t\t<\/div>\n\t\t\t\t<\/div>\n\t\t<div class=\"elementor-element elementor-element-8c5e364 e-con-full e-flex e-con e-child\" data-id=\"8c5e364\" data-element_type=\"container\">\n\t\t\t\t<div class=\"elementor-element elementor-element-5f97c40 elementor-widget elementor-widget-image\" data-id=\"5f97c40\" data-element_type=\"widget\" data-widget_type=\"image.default\">\n\t\t\t\t<div class=\"elementor-widget-container\">\n\t\t\t\t\t\t\t\t\t\t\t\t\t\t\t<img decoding=\"async\" width=\"1024\" height=\"1024\" src=\"https:\/\/uplearn.es\/wp-content\/uploads\/2024\/11\/20-cropped-3-1024x1024.jpg\" class=\"attachment-large size-large wp-image-1849\" alt=\"\" srcset=\"https:\/\/uplearn.es\/wp-content\/uploads\/2024\/11\/20-cropped-3-1024x1024.jpg 1024w, https:\/\/uplearn.es\/wp-content\/uploads\/2024\/11\/20-cropped-3-300x300.jpg 300w, https:\/\/uplearn.es\/wp-content\/uploads\/2024\/11\/20-cropped-3-150x150.jpg 150w, https:\/\/uplearn.es\/wp-content\/uploads\/2024\/11\/20-cropped-3-768x768.jpg 768w, https:\/\/uplearn.es\/wp-content\/uploads\/2024\/11\/20-cropped-3.jpg 1333w\" sizes=\"(max-width: 1024px) 100vw, 1024px\" \/>\t\t\t\t\t\t\t\t\t\t\t\t\t\t\t<\/div>\n\t\t\t\t<\/div>\n\t\t\t\t<\/div>\n\t\t\t\t\t<\/div>\n\t\t\t\t<\/div>\n\t\t\t\t<\/div>","protected":false},"excerpt":{"rendered":"<p>Artur K Un profesor con nivel nativo y con mucha experiencia en el campo, al que le apasiona la ense\u00f1anza y el trabajo con personas para cumplir sus metas. Llevo unos 20 a\u00f1os en el campo de los idiomas, sobre todo en la ense\u00f1anza y traducci\u00f3n. He trabajado en varias academias y empresas con grupos [&hellip;]<\/p>","protected":false},"author":1,"featured_media":0,"parent":0,"menu_order":0,"comment_status":"closed","ping_status":"closed","template":"","meta":{"site-sidebar-layout":"no-sidebar","site-content-layout":"page-builder","ast-site-content-layout":"full-width-container","site-content-style":"default","site-sidebar-style":"default","ast-global-header-display":"","ast-banner-title-visibility":"","ast-main-header-display":"","ast-hfb-above-header-display":"","ast-hfb-below-header-display":"","ast-hfb-mobile-header-display":"","site-post-title":"disabled","ast-breadcrumbs-content":"","ast-featured-img":"disabled","footer-sml-layout":"","theme-transparent-header-meta":"","adv-header-id-meta":"","stick-header-meta":"","header-above-stick-meta":"","header-main-stick-meta":"","header-below-stick-meta":"","astra-migrate-meta-layouts":"set","ast-page-background-enabled":"default","ast-page-background-meta":{"desktop":{"background-color":"var(--ast-global-color-4)","background-image":"","background-repeat":"repeat","background-position":"center center","background-size":"auto","background-attachment":"scroll","background-type":"","background-media":"","overlay-type":"","overlay-color":"","overlay-opacity":"","overlay-gradient":""},"tablet":{"background-color":"","background-image":"","background-repeat":"repeat","background-position":"center center","background-size":"auto","background-attachment":"scroll","background-type":"","background-media":"","overlay-type":"","overlay-color":"","overlay-opacity":"","overlay-gradient":""},"mobile":{"background-color":"","background-image":"","background-repeat":"repeat","background-position":"center center","background-size":"auto","background-attachment":"scroll","background-type":"","background-media":"","overlay-type":"","overlay-color":"","overlay-opacity":"","overlay-gradient":""}},"ast-content-background-meta":{"desktop":{"background-color":"var(--ast-global-color-5)","background-image":"","background-repeat":"repeat","background-position":"center center","background-size":"auto","background-attachment":"scroll","background-type":"","background-media":"","overlay-type":"","overlay-color":"","overlay-opacity":"","overlay-gradient":""},"tablet":{"background-color":"var(--ast-global-color-5)","background-image":"","background-repeat":"repeat","background-position":"center center","background-size":"auto","background-attachment":"scroll","background-type":"","background-media":"","overlay-type":"","overlay-color":"","overlay-opacity":"","overlay-gradient":""},"mobile":{"background-color":"var(--ast-global-color-5)","background-image":"","background-repeat":"repeat","background-position":"center center","background-size":"auto","background-attachment":"scroll","background-type":"","background-media":"","overlay-type":"","overlay-color":"","overlay-opacity":"","overlay-gradient":""}},"footnotes":""},"class_list":["post-1697","page","type-page","status-publish","hentry"],"aioseo_notices":[],"_links":{"self":[{"href":"https:\/\/uplearn.es\/pl\/wp-json\/wp\/v2\/pages\/1697","targetHints":{"allow":["GET"]}}],"collection":[{"href":"https:\/\/uplearn.es\/pl\/wp-json\/wp\/v2\/pages"}],"about":[{"href":"https:\/\/uplearn.es\/pl\/wp-json\/wp\/v2\/types\/page"}],"author":[{"embeddable":true,"href":"https:\/\/uplearn.es\/pl\/wp-json\/wp\/v2\/users\/1"}],"replies":[{"embeddable":true,"href":"https:\/\/uplearn.es\/pl\/wp-json\/wp\/v2\/comments?post=1697"}],"version-history":[{"count":16,"href":"https:\/\/uplearn.es\/pl\/wp-json\/wp\/v2\/pages\/1697\/revisions"}],"predecessor-version":[{"id":2029,"href":"https:\/\/uplearn.es\/pl\/wp-json\/wp\/v2\/pages\/1697\/revisions\/2029"}],"wp:attachment":[{"href":"https:\/\/uplearn.es\/pl\/wp-json\/wp\/v2\/media?parent=1697"}],"curies":[{"name":"wp","href":"https:\/\/api.w.org\/{rel}","templated":true}]}}